{"id":592,"date":"2026-01-15T13:18:48","date_gmt":"2026-01-15T12:18:48","guid":{"rendered":"https:\/\/gbmotors.construisons-votreweb.fr\/?post_type=product&#038;p=592"},"modified":"2026-02-02T11:30:37","modified_gmt":"2026-02-02T10:30:37","slug":"mecanisme-dembrayage","status":"publish","type":"product","link":"https:\/\/gb-motors.com\/index.php\/produit\/mecanisme-dembrayage\/","title":{"rendered":"M\u00e9canisme d&#8217;embrayage S 5"},"content":{"rendered":"","protected":false},"excerpt":{"rendered":"<p>Alpine S\u00a0 5<\/p>\n<p>Pi\u00e8ce reconditionn\u00e9e en \u00e9change de votre ancien m\u00e9canisme<\/p>\n<p><label for=\"product_reference\">R\u00e9f <\/label><span class=\"editable\">E05<\/span><\/p>\n","protected":false},"featured_media":1335,"template":"","meta":[],"product_brand":[],"product_cat":[28],"product_tag":[],"class_list":{"0":"post-592","1":"product","2":"type-product","3":"status-publish","4":"has-post-thumbnail","6":"product_cat-embrayage","8":"first","9":"instock","10":"shipping-taxable","11":"purchasable","12":"product-type-simple"},"_links":{"self":[{"href":"https:\/\/gb-motors.com\/index.php\/wp-json\/wp\/v2\/product\/592","targetHints":{"allow":["GET"]}}],"collection":[{"href":"https:\/\/gb-motors.com\/index.php\/wp-json\/wp\/v2\/product"}],"about":[{"href":"https:\/\/gb-motors.com\/index.php\/wp-json\/wp\/v2\/types\/product"}],"wp:featuredmedia":[{"embeddable":true,"href":"https:\/\/gb-motors.com\/index.php\/wp-json\/wp\/v2\/media\/1335"}],"wp:attachment":[{"href":"https:\/\/gb-motors.com\/index.php\/wp-json\/wp\/v2\/media?parent=592"}],"wp:term":[{"taxonomy":"product_brand","embeddable":true,"href":"https:\/\/gb-motors.com\/index.php\/wp-json\/wp\/v2\/product_brand?post=592"},{"taxonomy":"product_cat","embeddable":true,"href":"https:\/\/gb-motors.com\/index.php\/wp-json\/wp\/v2\/product_cat?post=592"},{"taxonomy":"product_tag","embeddable":true,"href":"https:\/\/gb-motors.com\/index.php\/wp-json\/wp\/v2\/product_tag?post=592"}],"curies":[{"name":"wp","href":"https:\/\/api.w.org\/{rel}","templated":true}]}}