{"id":597,"date":"2026-01-15T13:21:32","date_gmt":"2026-01-15T12:21:32","guid":{"rendered":"https:\/\/gbmotors.construisons-votreweb.fr\/?post_type=product&#038;p=597"},"modified":"2026-01-28T11:10:59","modified_gmt":"2026-01-28T10:10:59","slug":"kit-reparation-maitre-cylindre-embrayage","status":"publish","type":"product","link":"https:\/\/gb-motors.com\/index.php\/produit\/kit-reparation-maitre-cylindre-embrayage\/","title":{"rendered":"Kit r\u00e9paration maitre cylindre embrayage"},"content":{"rendered":"","protected":false},"excerpt":{"rendered":"<p>Alpine S 1\/2\/3\/4\/5<\/p>\n<p>A pr\u00e9ciser : la s\u00e9rie (1-5) , le num\u00e9ro de s\u00e9rie ou le diam\u00e8tre int\u00e9rieur de l&#8217;\u00e9metteur<\/p>\n<p><label for=\"product_reference\">R\u00e9f <\/label><span class=\"editable\">E10<\/span><\/p>\n","protected":false},"featured_media":1203,"template":"","meta":[],"product_brand":[],"product_cat":[28],"product_tag":[],"class_list":{"0":"post-597","1":"product","2":"type-product","3":"status-publish","4":"has-post-thumbnail","6":"product_cat-embrayage","8":"first","9":"instock","10":"shipping-taxable","11":"purchasable","12":"product-type-simple"},"_links":{"self":[{"href":"https:\/\/gb-motors.com\/index.php\/wp-json\/wp\/v2\/product\/597","targetHints":{"allow":["GET"]}}],"collection":[{"href":"https:\/\/gb-motors.com\/index.php\/wp-json\/wp\/v2\/product"}],"about":[{"href":"https:\/\/gb-motors.com\/index.php\/wp-json\/wp\/v2\/types\/product"}],"wp:featuredmedia":[{"embeddable":true,"href":"https:\/\/gb-motors.com\/index.php\/wp-json\/wp\/v2\/media\/1203"}],"wp:attachment":[{"href":"https:\/\/gb-motors.com\/index.php\/wp-json\/wp\/v2\/media?parent=597"}],"wp:term":[{"taxonomy":"product_brand","embeddable":true,"href":"https:\/\/gb-motors.com\/index.php\/wp-json\/wp\/v2\/product_brand?post=597"},{"taxonomy":"product_cat","embeddable":true,"href":"https:\/\/gb-motors.com\/index.php\/wp-json\/wp\/v2\/product_cat?post=597"},{"taxonomy":"product_tag","embeddable":true,"href":"https:\/\/gb-motors.com\/index.php\/wp-json\/wp\/v2\/product_tag?post=597"}],"curies":[{"name":"wp","href":"https:\/\/api.w.org\/{rel}","templated":true}]}}