{"id":660,"date":"2026-01-15T14:03:01","date_gmt":"2026-01-15T13:03:01","guid":{"rendered":"https:\/\/gbmotors.construisons-votreweb.fr\/?post_type=product&#038;p=660"},"modified":"2026-01-30T13:58:44","modified_gmt":"2026-01-30T12:58:44","slug":"axe-de-fusee-bagues-par-cote","status":"publish","type":"product","link":"https:\/\/gb-motors.com\/index.php\/produit\/axe-de-fusee-bagues-par-cote\/","title":{"rendered":"Axe de fus\u00e9e + bagues (par c\u00f4t\u00e9)"},"content":{"rendered":"","protected":false},"excerpt":{"rendered":"<p>Alpine S 1\/2\/3<\/p>\n<p><label for=\"product_reference\">R\u00e9f <\/label><span class=\"editable\">S07<\/span><\/p>\n","protected":false},"featured_media":661,"template":"","meta":[],"product_brand":[],"product_cat":[30],"product_tag":[],"class_list":{"0":"post-660","1":"product","2":"type-product","3":"status-publish","4":"has-post-thumbnail","6":"product_cat-trains-avant-et-arriere","8":"first","9":"instock","10":"shipping-taxable","11":"purchasable","12":"product-type-simple"},"_links":{"self":[{"href":"https:\/\/gb-motors.com\/index.php\/wp-json\/wp\/v2\/product\/660","targetHints":{"allow":["GET"]}}],"collection":[{"href":"https:\/\/gb-motors.com\/index.php\/wp-json\/wp\/v2\/product"}],"about":[{"href":"https:\/\/gb-motors.com\/index.php\/wp-json\/wp\/v2\/types\/product"}],"wp:featuredmedia":[{"embeddable":true,"href":"https:\/\/gb-motors.com\/index.php\/wp-json\/wp\/v2\/media\/661"}],"wp:attachment":[{"href":"https:\/\/gb-motors.com\/index.php\/wp-json\/wp\/v2\/media?parent=660"}],"wp:term":[{"taxonomy":"product_brand","embeddable":true,"href":"https:\/\/gb-motors.com\/index.php\/wp-json\/wp\/v2\/product_brand?post=660"},{"taxonomy":"product_cat","embeddable":true,"href":"https:\/\/gb-motors.com\/index.php\/wp-json\/wp\/v2\/product_cat?post=660"},{"taxonomy":"product_tag","embeddable":true,"href":"https:\/\/gb-motors.com\/index.php\/wp-json\/wp\/v2\/product_tag?post=660"}],"curies":[{"name":"wp","href":"https:\/\/api.w.org\/{rel}","templated":true}]}}